{"id":2,"date":"2016-10-12T12:17:39","date_gmt":"2016-10-12T10:17:39","guid":{"rendered":"http:\/\/albinv.com\/?page_id=2"},"modified":"2021-07-16T17:31:37","modified_gmt":"2021-07-16T15:31:37","slug":"page-d-exemple","status":"publish","type":"page","link":"https:\/\/albinv.com\/","title":{"rendered":""},"content":{"rendered":"\n<h1 class=\"wp-block-heading\">Antoine LE BARON<\/h1>\n\n\n\n<p><em>57 ans<\/em><\/p>\n\n\n\n<p><em>Apr\u00e8s 30 ans d\u2019exp\u00e9rience dans l\u2019Expertise et la Direction de Projet en maitrise d\u2019ouvrage et maitrise d\u2019\u0153uvre chez CGI, IBM puis au sein de sa propre structure, je suis aujourd\u2019hui consultant ind\u00e9pendant et intervient sur des missions de conseil autour des SIRH et des SI de gestion<\/em><\/p>\n\n\n<h1>Exp\u00e9riences<\/h1>\n<h2>Consultant ind\u00e9pendant soci\u00e9t\u00e9 ALBINV<\/h2>\n<p><em>Depuis 2016<\/em><\/p>\n<h3>Banque Coop\u00e9rative Fran\u00e7aise<\/h3>\n<ul>\n<li>Chef de projet AMOA de mise en place de la base de donn\u00e9es administrateurs et du Pr\u00e9l\u00e8vement A la Source,<\/li>\n<li>Expertise AMOA Reporting groupe sur le projet Sanctions internationales,<\/li>\n<li>Gestion des certifications,<\/li>\n<li>Mise en place du RGPD\/SIRH,<\/li>\n<li>Gestion de la formation.<\/li>\n<\/ul>\n<h3>Autres interventions : Toulon, Sophia Antipolis, Toulouse<\/h3>\n<ul>\n<li>Aide au choix SIRH,<\/li>\n<li>Direction projet AMOA de changement de version HR Access Gestion des carri\u00e8res, Paie, Reporting, Masse salariale.<\/li>\n<\/ul>\n\n\n<h2 class=\"wp-block-heading\">Associ\u00e9 du groupe HR Path &#8211; Directeur R\u00e9gion Sud<\/h2>\n\n\n\n<p><em>De 2010 \u00e0 2016<\/em><\/p>\n\n\n\n<h3 class=\"wp-block-heading\">Activit\u00e9s en r\u00e9gion Sud et Paris<\/h3>\n\n\n\n<ul class=\"wp-block-list\"><li>Comit\u00e9 de direction,<\/li><li>Consulting : Avant vente, Aide au choix, AMOA et Direction de projets de mise en \u0153uvre de SIRH.<\/li><\/ul>\n\n\n\n<h2 class=\"wp-block-heading\">Associ\u00e9 fondateur de la soci\u00e9t\u00e9 RHnet  &#8211; Directeur G\u00e9n\u00e9ral, Pr\u00e9sident<\/h2>\n\n\n\n<p><em>De 2001 \u00e0 2009<\/em><\/p>\n\n\n\n<h3 class=\"wp-block-heading\">Activit\u00e9s en r\u00e9gion Sud et Paris<\/h3>\n\n\n\n<ul class=\"wp-block-list\"><li>Comit\u00e9 de direction,<\/li><li>Consulting : Avant vente, AMOA et Direction de projets de mise en \u0153uvre de SIRH.<\/li><\/ul>\n\n\n\n<h2 class=\"wp-block-heading\">Consultant Compagnie G\u00e9n\u00e9rale d\u2019Informatique &#8211; IBM<\/h2>\n\n\n\n<p><em>De 1989 \u00e0 2000<\/em><\/p>\n\n\n\n<h3 class=\"wp-block-heading\">Activit\u00e9s en r\u00e9gion Sud et Paris<\/h3>\n\n\n\n<ul class=\"wp-block-list\"><li>Consulting : Chef de projet puis Directeur de projet de mise en \u0153uvre de SIRH et base client (banque)<\/li><\/ul>\n\n\n\n<h1 class=\"wp-block-heading\">Formation<\/h1>\n\n\n\n<p>Ing\u00e9nieur Arts et M\u00e9tiers<\/p>\n\n\n\n<h1 class=\"wp-block-heading\">Contact<\/h1>\n\n\n\n<p>https:\/\/fr.<strong>linkedin<\/strong>.com\/in\/<strong>antoine-le-baron<\/strong>-4576a93b<\/p>\n\n\n\n<p><\/p>\n","protected":false},"excerpt":{"rendered":"<p>Antoine LE BARON 57 ans Apr\u00e8s 30 ans d\u2019exp\u00e9rience dans l\u2019Expertise et la Direction de Projet en maitrise d\u2019ouvrage et maitrise d\u2019\u0153uvre chez CGI, IBM puis au sein de sa propre structure, je suis aujourd\u2019hui consultant ind\u00e9pendant et intervient sur des missions de conseil autour des SIRH et des SI de gestion Exp\u00e9riences Consultant ind\u00e9pendant &hellip; <a href=\"https:\/\/albinv.com\/\" class=\"more-link\">Continuer la lecture<span class=\"screen-reader-text\"> de &laquo;&nbsp;&nbsp;&raquo;<\/span><\/a><\/p>\n","protected":false},"author":1,"featured_media":0,"parent":0,"menu_order":0,"comment_status":"closed","ping_status":"open","template":"","meta":{"footnotes":""},"class_list":["post-2","page","type-page","status-publish","hentry"],"_links":{"self":[{"href":"https:\/\/albinv.com\/index.php\/wp-json\/wp\/v2\/pages\/2","targetHints":{"allow":["GET"]}}],"collection":[{"href":"https:\/\/albinv.com\/index.php\/wp-json\/wp\/v2\/pages"}],"about":[{"href":"https:\/\/albinv.com\/index.php\/wp-json\/wp\/v2\/types\/page"}],"author":[{"embeddable":true,"href":"https:\/\/albinv.com\/index.php\/wp-json\/wp\/v2\/users\/1"}],"replies":[{"embeddable":true,"href":"https:\/\/albinv.com\/index.php\/wp-json\/wp\/v2\/comments?post=2"}],"version-history":[{"count":19,"href":"https:\/\/albinv.com\/index.php\/wp-json\/wp\/v2\/pages\/2\/revisions"}],"predecessor-version":[{"id":52,"href":"https:\/\/albinv.com\/index.php\/wp-json\/wp\/v2\/pages\/2\/revisions\/52"}],"wp:attachment":[{"href":"https:\/\/albinv.com\/index.php\/wp-json\/wp\/v2\/media?parent=2"}],"curies":[{"name":"wp","href":"https:\/\/api.w.org\/{rel}","templated":true}]}}